{"id":1310,"date":"2023-10-25T09:31:01","date_gmt":"2023-10-25T07:31:01","guid":{"rendered":"https:\/\/bayart-innovations.com\/a-propos-en\/"},"modified":"2025-02-26T11:59:05","modified_gmt":"2025-02-26T10:59:05","slug":"about-us","status":"publish","type":"page","link":"https:\/\/bayart-innovations.com\/en\/about-us\/","title":{"rendered":"About us"},"content":{"rendered":"<div id=\"cs-content\" class=\"cs-content\"><div class=\"x-section e1310-e1 m10e-0 m10e-1 m10e-2\"><div class=\"x-row e1310-e2 m10e-f m10e-g m10e-h m10e-i m10e-j m10e-k m10e-s m10e-t\"><div class=\"x-row-inner\"><div class=\"x-col e1310-e3 m10e-15\"><div class=\"x-row e1310-e4 m10e-f m10e-h m10e-l m10e-m m10e-n m10e-u\"><div class=\"x-row-inner\"><a class=\"x-col e1310-e5 m10e-15 m10e-16 m10e-17 m10e-9\" href=\"#\" data-x-effect-provider=\"colors particles effects\"><div class=\"x-div e1310-e6 m10e-1d m10e-1e m10e-1f m10e-1g m10e-1h m10e-1i m10e-1j m10e-1k m10e-9\"><div class=\"x-text x-text-headline e1310-e7 m10e-1t m10e-1u m10e-1v m10e-1w\"><div class=\"x-text-content\"><div class=\"x-text-content-text\"><h2 class=\"x-text-content-text-primary\">OUR<\/h2><span class=\"x-text-content-text-subheadline\">HISTORY<\/span><\/div><\/div><\/div><figure class=\"x-div e1310-e8 m10e-1i m10e-1j m10e-1l m10e-1m m10e-a m10e-b x-effect-exit\" data-x-effect=\"{&quot;scroll&quot;:true,&quot;offsetTop&quot;:&quot;10%&quot;,&quot;offsetBottom&quot;:&quot;10%&quot;,&quot;behaviorScroll&quot;:&quot;fire-once&quot;}\"><span class=\"x-image e1310-e9 m10e-24 m10e-25 m10e-26 m10e-27 m10e-28 m10e-29\"><img decoding=\"async\" src=\"https:\/\/bayart-innovations.com\/wp-content\/uploads\/2024\/02\/image001-2-scaled.jpg\" width=\"1280\" height=\"781\" alt=\"Featured image for \u201clogo Gigantaurus\u201d\" loading=\"lazy\"><\/span><\/figure><\/div><\/a><\/div><\/div><\/div><\/div><\/div><\/div><div class=\"x-section e1310-e10 m10e-0 m10e-3 m10e-4\"><div class=\"x-row x-container max width e1310-e11 m10e-f m10e-g m10e-j m10e-m m10e-o m10e-p m10e-v\"><div class=\"x-row-inner\"><div class=\"x-col e1310-e12 m10e-15 m10e-18\"><span class=\"x-image e1310-e13 m10e-25 m10e-26 m10e-2a m10e-2b m10e-2c\"><img decoding=\"async\" src=\"https:\/\/bayart-innovations.com\/wp-content\/uploads\/2024\/02\/photo-hstoire002.jpg\" width=\"556\" height=\"799\" alt=\"Monsieur Achille Bayart, fondateur de Bayart.\" loading=\"lazy\"><\/span><div class=\"x-div e1310-e14 m10e-1d m10e-1g m10e-1i m10e-1j m10e-1m m10e-1n m10e-1o m10e-1p\"><div class=\"x-text x-content e1310-e15 m10e-2d m10e-2e\">Mr. Achille Bayart, founder of Bayart.<\/div><\/div><\/div><div class=\"x-col e1310-e16 m10e-15 m10e-19 m10e-1a\"><div class=\"x-div e1310-e17 m10e-1i m10e-1j m10e-1m\"><div class=\"x-text x-text-headline e1310-e18 m10e-1u m10e-1x m10e-1y m10e-1z m10e-20\"><div class=\"x-text-content\"><div class=\"x-text-content-text\"><h3 class=\"x-text-content-text-primary\">OUR HISTORY<\/h3><\/div><\/div><\/div><div class=\"x-text x-content e1310-e19 m10e-2d m10e-2f m10e-2g\"><p style=\"font-weight: 400;\"><span>Our story began in <strong>1935<\/strong> with the creation of Bayart Innovations by Achille Bayart in Roubaix. A city located between Paris, London and Brussels. At first, <strong>Bayart Innovations<\/strong> was involved in the <strong>recycling<\/strong> of textile fibres and their resale. Suffice to say that recycling was practised at Bayart Innovations from the outset.<\/span><\/p>\n<p style=\"font-weight: 400;\"><span>Nowadays, the company is managed by two partners, Albert Facques (grandson of the founder) and Jean-Guillaume Pollet. Bayart Innovations has continued <strong>to grow<\/strong> <strong>and develop<\/strong> over the years. Our company is composed of a team of around 30 people.<\/span><\/p>\n<p style=\"font-weight: 400;\"><span>We are located in <strong>Villeneuve d'Ascq<\/strong> between Paris, London and Brussels, in Hong Kong, Shanghai and in Istanbul.<\/span><\/p><\/div><\/div><\/div><\/div><\/div><\/div><div class=\"x-section e1310-e20 m10e-0 m10e-1 m10e-2\"><div class=\"x-row e1310-e21 m10e-f m10e-g m10e-m m10e-p m10e-q m10e-w\"><div class=\"x-row-inner\"><div class=\"x-col e1310-e22 m10e-15\"><div class=\"x-row e1310-e23 m10e-f m10e-h m10e-l m10e-m m10e-r m10e-x m10e-y\"><div class=\"x-row-inner\"><div class=\"x-col e1310-e24 m10e-15 m10e-16 m10e-1b m10e-9\" data-x-effect-provider=\"colors particles effects\"><div class=\"x-div e1310-e25 m10e-1d m10e-1f m10e-1g m10e-1h m10e-1i m10e-1j m10e-1k m10e-1n m10e-9\"><div class=\"x-text x-text-headline e1310-e26 m10e-1u m10e-1v m10e-1w m10e-1x m10e-21\"><div class=\"x-text-content\"><div class=\"x-text-content-text\"><h4 class=\"x-text-content-text-primary\">LILLE<\/h4><span class=\"x-text-content-text-subheadline\">FRANCE<\/span><\/div><\/div><\/div><figure class=\"x-div e1310-e27 m10e-1i m10e-1j m10e-1l m10e-1m m10e-b m10e-c m10e-d\" data-x-effect=\"{&quot;durationBase&quot;:&quot;1000ms&quot;}\"><span class=\"x-image e1310-e28 m10e-24 m10e-25 m10e-26 m10e-27 m10e-28\"><img decoding=\"async\" src=\"https:\/\/bayart-innovations.com\/wp-content\/uploads\/2024\/03\/Composant-30-\u2013-4.jpg\" width=\"479\" height=\"654\" alt=\"Featured image for \u201clogo Gigantaurus\u201d\" loading=\"lazy\"><\/span><\/figure><\/div><\/div><\/div><\/div><\/div><div class=\"x-col e1310-e29 m10e-15\"><div class=\"x-row e1310-e30 m10e-f m10e-h m10e-l m10e-m m10e-r m10e-x m10e-z\"><div class=\"x-row-inner\"><div class=\"x-col e1310-e31 m10e-15 m10e-16 m10e-1b m10e-9\" data-x-effect-provider=\"colors particles effects\"><div class=\"x-div e1310-e32 m10e-1d m10e-1f m10e-1g m10e-1h m10e-1i m10e-1j m10e-1k m10e-1n m10e-9\"><div class=\"x-text x-text-headline e1310-e33 m10e-1u m10e-1v m10e-1w m10e-1x m10e-21\"><div class=\"x-text-content\"><div class=\"x-text-content-text\"><h4 class=\"x-text-content-text-primary\">SHANGHAI<\/h4><span class=\"x-text-content-text-subheadline\">CHINA<\/span><\/div><\/div><\/div><figure class=\"x-div e1310-e34 m10e-1i m10e-1j m10e-1l m10e-1m m10e-b m10e-c m10e-d\" data-x-effect=\"{&quot;durationBase&quot;:&quot;1000ms&quot;}\"><span class=\"x-image e1310-e35 m10e-24 m10e-25 m10e-26 m10e-27 m10e-28\"><img decoding=\"async\" src=\"https:\/\/bayart-innovations.com\/wp-content\/uploads\/2024\/02\/Composant-29-\u2013-4.jpg\" width=\"481\" height=\"654\" alt=\"Featured image for \u201clogo Gigantaurus\u201d\" loading=\"lazy\"><\/span><\/figure><\/div><\/div><\/div><\/div><\/div><div class=\"x-col e1310-e36 m10e-15\"><div class=\"x-row e1310-e37 m10e-f m10e-h m10e-l m10e-m m10e-r m10e-x m10e-10\"><div class=\"x-row-inner\"><div class=\"x-col e1310-e38 m10e-15 m10e-16 m10e-1b m10e-9\" data-x-effect-provider=\"colors particles effects\"><div class=\"x-div e1310-e39 m10e-1d m10e-1f m10e-1g m10e-1h m10e-1i m10e-1j m10e-1k m10e-1n m10e-9\"><div class=\"x-text x-text-headline e1310-e40 m10e-1u m10e-1v m10e-1w m10e-1x m10e-21\"><div class=\"x-text-content\"><div class=\"x-text-content-text\"><h4 class=\"x-text-content-text-primary\">HONG-KONG<\/h4><span class=\"x-text-content-text-subheadline\">CHINA<\/span><\/div><\/div><\/div><figure class=\"x-div e1310-e41 m10e-1i m10e-1j m10e-1l m10e-1m m10e-b m10e-c m10e-d\" data-x-effect=\"{&quot;durationBase&quot;:&quot;1000ms&quot;}\"><span class=\"x-image e1310-e42 m10e-24 m10e-25 m10e-26 m10e-27 m10e-28\"><img decoding=\"async\" src=\"https:\/\/bayart-innovations.com\/wp-content\/uploads\/2024\/02\/Composant-28-\u2013-4.jpg\" width=\"481\" height=\"654\" alt=\"Featured image for \u201clogo Gigantaurus\u201d\" loading=\"lazy\"><\/span><\/figure><\/div><\/div><\/div><\/div><\/div><div class=\"x-col e1310-e43 m10e-15\"><div class=\"x-row e1310-e44 m10e-f m10e-h m10e-l m10e-m m10e-r m10e-x m10e-11\"><div class=\"x-row-inner\"><div class=\"x-col e1310-e45 m10e-15 m10e-16 m10e-1b m10e-9\" data-x-effect-provider=\"colors particles effects\"><div class=\"x-div e1310-e46 m10e-1d m10e-1f m10e-1g m10e-1h m10e-1i m10e-1j m10e-1k m10e-1n m10e-9\"><div class=\"x-text x-text-headline e1310-e47 m10e-1u m10e-1v m10e-1w m10e-1x m10e-21\"><div class=\"x-text-content\"><div class=\"x-text-content-text\"><h4 class=\"x-text-content-text-primary\">ISTANBUL<\/h4><span class=\"x-text-content-text-subheadline\">T\u00dcRKIYE<\/span><\/div><\/div><\/div><figure class=\"x-div e1310-e48 m10e-1i m10e-1j m10e-1l m10e-1m m10e-b m10e-c m10e-d\" data-x-effect=\"{&quot;durationBase&quot;:&quot;1000ms&quot;}\"><span class=\"x-image e1310-e49 m10e-24 m10e-25 m10e-26 m10e-27 m10e-28\"><img decoding=\"async\" src=\"https:\/\/bayart-innovations.com\/wp-content\/uploads\/2024\/02\/Composant-27-\u2013-4.jpg\" width=\"482\" height=\"654\" alt=\"Featured image for \u201clogo Gigantaurus\u201d\" loading=\"lazy\"><\/span><\/figure><\/div><\/div><\/div><\/div><\/div><\/div><\/div><\/div><div class=\"x-section e1310-e50 m10e-0 m10e-3 m10e-5 m10e-6\"><div class=\"x-row x-container max width e1310-e51 m10e-f m10e-g m10e-j m10e-k m10e-m m10e-p m10e-s m10e-12\"><div class=\"x-row-inner\"><div class=\"x-col e1310-e52 m10e-15 m10e-19 m10e-1c\"><div class=\"x-div e1310-e53 m10e-1i m10e-1j m10e-1m\"><div class=\"x-text x-text-headline e1310-e54 m10e-1u m10e-1x m10e-1z m10e-20 m10e-22\"><div class=\"x-text-content\"><div class=\"x-text-content-text\"><h3 class=\"x-text-content-text-primary\">OUR TEAM<\/h3><\/div><\/div><\/div><div class=\"x-text x-content e1310-e55 m10e-2d m10e-2f m10e-2h\"><p style=\"font-weight: 400;\"><span>Meet our team at Bayart Innovations. As part of our passionate, dedicated and qualified team, we unite around a common <strong>vision<\/strong> of excellence. Each member contributes their <strong>unique<\/strong> expertise, adding to our collective dynamic. Committed to innovation, <strong>collaboration<\/strong> and customer satisfaction, we take on challenges with creativity and unwavering determination. The lasting success of our company is fueled by our synergy and <strong>diversity<\/strong>.<\/span><\/p><\/div><\/div><\/div><div class=\"x-col e1310-e56 m10e-15 m10e-19 m10e-1c\"><span class=\"x-image e1310-e57 m10e-25 m10e-27\"><img decoding=\"async\" src=\"https:\/\/bayart-innovations.com\/wp-content\/uploads\/2024\/02\/2023-06-BI-Portraits-fondateurs-03552.jpg\" width=\"881\" height=\"588\" alt=\"Une \u00e9quipe passionn\u00e9e et qualifi\u00e9e vous apporte son expertise et son engagement.\" loading=\"lazy\"><\/span><div class=\"x-div e1310-e58 m10e-1d m10e-1g m10e-1i m10e-1j m10e-1m m10e-1n m10e-1o m10e-1p m10e-1q\"><div class=\"x-text x-content e1310-e59 m10e-2d m10e-2e\">Jean-Guillaume Pollet - Albert Facques.<\/div><\/div><\/div><\/div><\/div><\/div><div class=\"x-section e1310-e60 m10e-0 m10e-6 m10e-7\"><div class=\"x-row e1310-e61 m10e-f m10e-g m10e-h m10e-i m10e-j m10e-k m10e-s m10e-13\"><div class=\"x-row-inner\"><div class=\"x-col e1310-e62 m10e-15\"><div class=\"x-div e1310-e63 m10e-1i m10e-1j m10e-1m\"><div class=\"x-div e1310-e64 m10e-1i m10e-1j m10e-1m\"><div class=\"x-slide-container-viewport is-loading e1310-e65 m10e-2j m10e-2k\" data-x-slide-container=\"{&quot;justify&quot;:&quot;center&quot;,&quot;autoBasis&quot;:true,&quot;snap&quot;:true,&quot;wrapAround&quot;:true,&quot;startingSlide&quot;:1,&quot;autoplay&quot;:&quot;marquee&quot;,&quot;speed&quot;:0.1}\"><div class=\"x-slide-container-content\"><div class=\"x-slide-container is-inline is-auto\"><div class=\"x-slide e1310-e66 m10e-2m m10e-2n\" data-x-slide=\"\"><span class=\"x-image e1310-e67 m10e-25 m10e-2b\"><img decoding=\"async\" src=\"https:\/\/bayart-innovations.com\/wp-content\/uploads\/2024\/02\/Groupe-65.jpg\" width=\"213\" height=\"319\" alt=\"Image\" loading=\"lazy\"><\/span><\/div><div class=\"x-slide e1310-e68 m10e-2m m10e-2n\" data-x-slide=\"\"><span class=\"x-image e1310-e69 m10e-25 m10e-2b\"><img decoding=\"async\" src=\"https:\/\/bayart-innovations.com\/wp-content\/uploads\/2024\/02\/2023-06-BI-Portrait-00222-Jean-Guillaume.jpg\" width=\"213\" height=\"319\" alt=\"Image\" loading=\"lazy\"><\/span><\/div><div class=\"x-slide e1310-e70 m10e-2m m10e-2n\" data-x-slide=\"\"><span class=\"x-image e1310-e71 m10e-25 m10e-2b\"><img decoding=\"async\" src=\"https:\/\/bayart-innovations.com\/wp-content\/uploads\/2024\/02\/element-1.jpg\" width=\"213\" height=\"319\" alt=\"Image\" loading=\"lazy\"><\/span><\/div><div class=\"x-slide e1310-e72 m10e-2m m10e-2n\" data-x-slide=\"\"><span class=\"x-image e1310-e73 m10e-25 m10e-2b\"><img decoding=\"async\" src=\"https:\/\/bayart-innovations.com\/wp-content\/uploads\/2024\/02\/element-3.jpg\" width=\"213\" height=\"319\" alt=\"Image\" loading=\"lazy\"><\/span><\/div><div class=\"x-slide e1310-e74 m10e-2m m10e-2n\" data-x-slide=\"\"><span class=\"x-image e1310-e75 m10e-25 m10e-2b\"><img decoding=\"async\" src=\"https:\/\/bayart-innovations.com\/wp-content\/uploads\/2024\/02\/element-4.jpg\" width=\"213\" height=\"319\" alt=\"Image\" loading=\"lazy\"><\/span><\/div><div class=\"x-slide e1310-e76 m10e-2m m10e-2n\" data-x-slide=\"\"><span class=\"x-image e1310-e77 m10e-25 m10e-2b\"><img decoding=\"async\" src=\"https:\/\/bayart-innovations.com\/wp-content\/uploads\/2024\/02\/element-5.jpg\" width=\"213\" height=\"319\" alt=\"Image\" loading=\"lazy\"><\/span><\/div><div class=\"x-slide e1310-e78 m10e-2m m10e-2n\" data-x-slide=\"\"><span class=\"x-image e1310-e79 m10e-25 m10e-2b\"><img decoding=\"async\" src=\"https:\/\/bayart-innovations.com\/wp-content\/uploads\/2024\/02\/element-8.jpg\" width=\"213\" height=\"320\" alt=\"Image\" loading=\"lazy\"><\/span><\/div><div class=\"x-slide e1310-e80 m10e-2m m10e-2n\" data-x-slide=\"\"><span class=\"x-image e1310-e81 m10e-25 m10e-2b\"><img decoding=\"async\" src=\"https:\/\/bayart-innovations.com\/wp-content\/uploads\/2024\/02\/element-9.jpg\" width=\"213\" height=\"320\" alt=\"Image\" loading=\"lazy\"><\/span><\/div><div class=\"x-slide e1310-e82 m10e-2m m10e-2n\" data-x-slide=\"\"><span class=\"x-image e1310-e83 m10e-25 m10e-2b\"><img decoding=\"async\" src=\"https:\/\/bayart-innovations.com\/wp-content\/uploads\/2024\/02\/element-11.jpg\" width=\"213\" height=\"320\" alt=\"Image\" loading=\"lazy\"><\/span><\/div><\/div><\/div><\/div><\/div><\/div><\/div><\/div><\/div><\/div><div class=\"x-section e1310-e84 m10e-0 m10e-2 m10e-8\"><div class=\"x-row e1310-e85 m10e-f m10e-g m10e-j m10e-k m10e-m m10e-p m10e-s m10e-14\"><div class=\"x-row-inner\"><div class=\"x-col e1310-e86 m10e-15\"><div class=\"x-text x-text-headline e1310-e87 m10e-1u m10e-1v m10e-1x m10e-20 m10e-23\"><div class=\"x-text-content\"><div class=\"x-text-content-text\"><h2 class=\"x-text-content-text-primary\">OUR PARTNERS<\/h2><\/div><\/div><\/div><div class=\"x-text x-content e1310-e88 m10e-2d m10e-2i\"><p style=\"font-weight: 400;\"><span>Check out our trusted partners.<br \/>\n<\/span><span>Together, let's strive for excellence for our customers.<\/span><\/p><\/div><div class=\"x-div e1310-e89 m10e-1i m10e-1j m10e-1m\"><div class=\"x-slide-container-viewport is-loading e1310-e90 m10e-2k m10e-2l\" data-x-slide-container=\"{&quot;justify&quot;:&quot;center&quot;,&quot;autoBasis&quot;:true,&quot;scrollBySlide&quot;:true,&quot;wrapAround&quot;:true,&quot;contain&quot;:true,&quot;int&quot;:&quot;drag&quot;,&quot;startingSlide&quot;:1,&quot;autoplay&quot;:&quot;marquee&quot;,&quot;speed&quot;:0.1}\"><div class=\"x-slide-container-content x-container max width\"><ul class=\"x-slide-container is-inline is-auto\"><li class=\"x-slide e1310-e91 m10e-2m m10e-2o\" data-x-slide=\"\" data-x-effect-provider=\"colors particles effects\"><div class=\"x-div e1310-e92 m10e-1d m10e-1i m10e-1j m10e-1k m10e-1m m10e-1n m10e-1o m10e-1r\"><div class=\"x-div e1310-e93 m10e-1d m10e-1f m10e-1i m10e-1m m10e-1n m10e-1s m10e-c m10e-e\" data-x-effect=\"{&quot;durationBase&quot;:&quot;300ms&quot;}\"><span class=\"x-image e1310-e94 m10e-24 m10e-25 m10e-26 m10e-27 m10e-2c\"><img decoding=\"async\" src=\"https:\/\/bayart-innovations.com\/wp-content\/uploads\/2024\/02\/logos-gigantosaurus1.png\" width=\"165\" height=\"57\" alt=\"Featured Image for \u201clogo Gigantaurus\u201d\" loading=\"lazy\"><\/span><\/div><\/div><\/li><li class=\"x-slide e1310-e91 m10e-2m m10e-2o\" data-x-slide=\"\" data-x-effect-provider=\"colors particles effects\"><div class=\"x-div e1310-e92 m10e-1d m10e-1i m10e-1j m10e-1k m10e-1m m10e-1n m10e-1o m10e-1r\"><div class=\"x-div e1310-e93 m10e-1d m10e-1f m10e-1i m10e-1m m10e-1n m10e-1s m10e-c m10e-e\" data-x-effect=\"{&quot;durationBase&quot;:&quot;300ms&quot;}\"><span class=\"x-image e1310-e94 m10e-24 m10e-25 m10e-26 m10e-27 m10e-2c\"><img decoding=\"async\" src=\"https:\/\/bayart-innovations.com\/wp-content\/uploads\/2024\/02\/logos-smurfs1.png\" width=\"165\" height=\"57\" alt=\"Featured Image for \u201clogo Smurfs\u201d\" loading=\"lazy\"><\/span><\/div><\/div><\/li><li class=\"x-slide e1310-e91 m10e-2m m10e-2o\" data-x-slide=\"\" data-x-effect-provider=\"colors particles effects\"><div class=\"x-div e1310-e92 m10e-1d m10e-1i m10e-1j m10e-1k m10e-1m m10e-1n m10e-1o m10e-1r\"><div class=\"x-div e1310-e93 m10e-1d m10e-1f m10e-1i m10e-1m m10e-1n m10e-1s m10e-c m10e-e\" data-x-effect=\"{&quot;durationBase&quot;:&quot;300ms&quot;}\"><span class=\"x-image e1310-e94 m10e-24 m10e-25 m10e-26 m10e-27 m10e-2c\"><img decoding=\"async\" src=\"https:\/\/bayart-innovations.com\/wp-content\/uploads\/2024\/02\/clarins.png\" width=\"165\" height=\"57\" alt=\"Featured Image for \u201clogo clarins\u201d\" loading=\"lazy\"><\/span><\/div><\/div><\/li><li class=\"x-slide e1310-e91 m10e-2m m10e-2o\" data-x-slide=\"\" data-x-effect-provider=\"colors particles effects\"><div class=\"x-div e1310-e92 m10e-1d m10e-1i m10e-1j m10e-1k m10e-1m m10e-1n m10e-1o m10e-1r\"><div class=\"x-div e1310-e93 m10e-1d m10e-1f m10e-1i m10e-1m m10e-1n m10e-1s m10e-c m10e-e\" data-x-effect=\"{&quot;durationBase&quot;:&quot;300ms&quot;}\"><span class=\"x-image e1310-e94 m10e-24 m10e-25 m10e-26 m10e-27 m10e-2c\"><img decoding=\"async\" src=\"https:\/\/bayart-innovations.com\/wp-content\/uploads\/2024\/02\/human.png\" width=\"165\" height=\"57\" alt=\"Featured Image for \u201clogo Human\u201d\" loading=\"lazy\"><\/span><\/div><\/div><\/li><li class=\"x-slide e1310-e91 m10e-2m m10e-2o\" data-x-slide=\"\" data-x-effect-provider=\"colors particles effects\"><div class=\"x-div e1310-e92 m10e-1d m10e-1i m10e-1j m10e-1k m10e-1m m10e-1n m10e-1o m10e-1r\"><div class=\"x-div e1310-e93 m10e-1d m10e-1f m10e-1i m10e-1m m10e-1n m10e-1s m10e-c m10e-e\" data-x-effect=\"{&quot;durationBase&quot;:&quot;300ms&quot;}\"><span class=\"x-image e1310-e94 m10e-24 m10e-25 m10e-26 m10e-27 m10e-2c\"><img decoding=\"async\" src=\"https:\/\/bayart-innovations.com\/wp-content\/uploads\/2024\/03\/WHITEGLO-Logo.png\" width=\"165\" height=\"57\" alt=\"Featured Image for \u201clogo WhiteGlo\u201d\" loading=\"lazy\"><\/span><\/div><\/div><\/li><li class=\"x-slide e1310-e91 m10e-2m m10e-2o\" data-x-slide=\"\" data-x-effect-provider=\"colors particles effects\"><div class=\"x-div e1310-e92 m10e-1d m10e-1i m10e-1j m10e-1k m10e-1m m10e-1n m10e-1o m10e-1r\"><div class=\"x-div e1310-e93 m10e-1d m10e-1f m10e-1i m10e-1m m10e-1n m10e-1s m10e-c m10e-e\" data-x-effect=\"{&quot;durationBase&quot;:&quot;300ms&quot;}\"><span class=\"x-image e1310-e94 m10e-24 m10e-25 m10e-26 m10e-27 m10e-2c\"><img decoding=\"async\" src=\"https:\/\/bayart-innovations.com\/wp-content\/uploads\/2024\/02\/caswell.png\" width=\"165\" height=\"57\" alt=\"Featured Image for \u201clogo caswell\u201d\" loading=\"lazy\"><\/span><\/div><\/div><\/li><\/ul><\/div><\/div><\/div><\/div><\/div><\/div><\/div><\/div>\n","protected":false},"excerpt":{"rendered":"<p>OURHISTORYMr. Achille Bayart, founder of Bayart.OUR HISTORYOur story began in 1935 with the creation of Bayart Innovations by Achille Bayart in Roubaix. A city located between Paris, London and Brussels. At first, Bayart Innovations was involved in the recycling of textile fibres and their resale. Suffice to say that recycling was practised at Bayart Innovations from the outset. Nowadays, the &#8230; <\/p>\n<div><a href=\"https:\/\/bayart-innovations.com\/en\/about-us\/\" class=\"more-link\">Read More<\/a><\/div>\n","protected":false},"author":1,"featured_media":0,"parent":0,"menu_order":0,"comment_status":"closed","ping_status":"closed","template":"template-blank-4.php","meta":{"_acf_changed":false,"footnotes":""},"acf":[],"yoast_head":"<!-- This site is optimized with the Yoast SEO plugin v22.5 - https:\/\/yoast.com\/wordpress\/plugins\/seo\/ -->\n<title>About us - Bayart Innovations<\/title>\n<meta name=\"robots\" content=\"index, follow, max-snippet:-1, max-image-preview:large, max-video-preview:-1\" \/>\n<link rel=\"canonical\" href=\"https:\/\/bayart-innovations.com\/en\/about-us\/\" \/>\n<meta property=\"og:locale\" content=\"en_US\" \/>\n<meta property=\"og:type\" content=\"article\" \/>\n<meta property=\"og:title\" content=\"About us - Bayart Innovations\" \/>\n<meta property=\"og:description\" content=\"OURHISTORYMr. Achille Bayart, founder of Bayart.OUR HISTORYOur story began in 1935 with the creation of Bayart Innovations by Achille Bayart in Roubaix. A city located between Paris, London and Brussels. At first, Bayart Innovations was involved in the recycling of textile fibres and their resale. Suffice to say that recycling was practised at Bayart Innovations from the outset. Nowadays, the ... Read More\" \/>\n<meta property=\"og:url\" content=\"https:\/\/bayart-innovations.com\/en\/about-us\/\" \/>\n<meta property=\"og:site_name\" content=\"Bayart Innovations\" \/>\n<meta property=\"article:modified_time\" content=\"2025-02-26T10:59:05+00:00\" \/>\n<meta name=\"twitter:card\" content=\"summary_large_image\" \/>\n<meta name=\"twitter:label1\" content=\"Est. reading time\" \/>\n\t<meta name=\"twitter:data1\" content=\"5 minutes\" \/>\n<script type=\"application\/ld+json\" class=\"yoast-schema-graph\">{\"@context\":\"https:\/\/schema.org\",\"@graph\":[{\"@type\":\"WebPage\",\"@id\":\"https:\/\/bayart-innovations.com\/en\/about-us\/\",\"url\":\"https:\/\/bayart-innovations.com\/en\/about-us\/\",\"name\":\"About us - Bayart Innovations\",\"isPartOf\":{\"@id\":\"https:\/\/bayart-innovations.com\/#website\"},\"datePublished\":\"2023-10-25T07:31:01+00:00\",\"dateModified\":\"2025-02-26T10:59:05+00:00\",\"breadcrumb\":{\"@id\":\"https:\/\/bayart-innovations.com\/en\/about-us\/#breadcrumb\"},\"inLanguage\":\"en-US\",\"potentialAction\":[{\"@type\":\"ReadAction\",\"target\":[\"https:\/\/bayart-innovations.com\/en\/about-us\/\"]}]},{\"@type\":\"BreadcrumbList\",\"@id\":\"https:\/\/bayart-innovations.com\/en\/about-us\/#breadcrumb\",\"itemListElement\":[{\"@type\":\"ListItem\",\"position\":1,\"name\":\"Accueil\",\"item\":\"https:\/\/bayart-innovations.com\/en\/\"},{\"@type\":\"ListItem\",\"position\":2,\"name\":\"About us\"}]},{\"@type\":\"WebSite\",\"@id\":\"https:\/\/bayart-innovations.com\/#website\",\"url\":\"https:\/\/bayart-innovations.com\/\",\"name\":\"Bayart Innovations\",\"description\":\"More Effect Less Waste\",\"potentialAction\":[{\"@type\":\"SearchAction\",\"target\":{\"@type\":\"EntryPoint\",\"urlTemplate\":\"https:\/\/bayart-innovations.com\/?s={search_term_string}\"},\"query-input\":\"required name=search_term_string\"}],\"inLanguage\":\"en-US\"}]}<\/script>\n<!-- \/ Yoast SEO plugin. -->","yoast_head_json":{"title":"About us - Bayart Innovations","robots":{"index":"index","follow":"follow","max-snippet":"max-snippet:-1","max-image-preview":"max-image-preview:large","max-video-preview":"max-video-preview:-1"},"canonical":"https:\/\/bayart-innovations.com\/en\/about-us\/","og_locale":"en_US","og_type":"article","og_title":"About us - Bayart Innovations","og_description":"OURHISTORYMr. Achille Bayart, founder of Bayart.OUR HISTORYOur story began in 1935 with the creation of Bayart Innovations by Achille Bayart in Roubaix. A city located between Paris, London and Brussels. At first, Bayart Innovations was involved in the recycling of textile fibres and their resale. Suffice to say that recycling was practised at Bayart Innovations from the outset. Nowadays, the ... Read More","og_url":"https:\/\/bayart-innovations.com\/en\/about-us\/","og_site_name":"Bayart Innovations","article_modified_time":"2025-02-26T10:59:05+00:00","twitter_card":"summary_large_image","twitter_misc":{"Est. reading time":"5 minutes"},"schema":{"@context":"https:\/\/schema.org","@graph":[{"@type":"WebPage","@id":"https:\/\/bayart-innovations.com\/en\/about-us\/","url":"https:\/\/bayart-innovations.com\/en\/about-us\/","name":"About us - Bayart Innovations","isPartOf":{"@id":"https:\/\/bayart-innovations.com\/#website"},"datePublished":"2023-10-25T07:31:01+00:00","dateModified":"2025-02-26T10:59:05+00:00","breadcrumb":{"@id":"https:\/\/bayart-innovations.com\/en\/about-us\/#breadcrumb"},"inLanguage":"en-US","potentialAction":[{"@type":"ReadAction","target":["https:\/\/bayart-innovations.com\/en\/about-us\/"]}]},{"@type":"BreadcrumbList","@id":"https:\/\/bayart-innovations.com\/en\/about-us\/#breadcrumb","itemListElement":[{"@type":"ListItem","position":1,"name":"Accueil","item":"https:\/\/bayart-innovations.com\/en\/"},{"@type":"ListItem","position":2,"name":"About us"}]},{"@type":"WebSite","@id":"https:\/\/bayart-innovations.com\/#website","url":"https:\/\/bayart-innovations.com\/","name":"Bayart Innovations","description":"More Effect Less Waste","potentialAction":[{"@type":"SearchAction","target":{"@type":"EntryPoint","urlTemplate":"https:\/\/bayart-innovations.com\/?s={search_term_string}"},"query-input":"required name=search_term_string"}],"inLanguage":"en-US"}]}},"_links":{"self":[{"href":"https:\/\/bayart-innovations.com\/en\/wp-json\/wp\/v2\/pages\/1310"}],"collection":[{"href":"https:\/\/bayart-innovations.com\/en\/wp-json\/wp\/v2\/pages"}],"about":[{"href":"https:\/\/bayart-innovations.com\/en\/wp-json\/wp\/v2\/types\/page"}],"author":[{"embeddable":true,"href":"https:\/\/bayart-innovations.com\/en\/wp-json\/wp\/v2\/users\/1"}],"replies":[{"embeddable":true,"href":"https:\/\/bayart-innovations.com\/en\/wp-json\/wp\/v2\/comments?post=1310"}],"version-history":[{"count":3,"href":"https:\/\/bayart-innovations.com\/en\/wp-json\/wp\/v2\/pages\/1310\/revisions"}],"predecessor-version":[{"id":1452,"href":"https:\/\/bayart-innovations.com\/en\/wp-json\/wp\/v2\/pages\/1310\/revisions\/1452"}],"wp:attachment":[{"href":"https:\/\/bayart-innovations.com\/en\/wp-json\/wp\/v2\/media?parent=1310"}],"curies":[{"name":"wp","href":"https:\/\/api.w.org\/{rel}","templated":true}]}}